{"id":1642,"date":"2023-07-04T12:27:31","date_gmt":"2023-07-04T11:27:31","guid":{"rendered":"https:\/\/acc-wordpress-a778828375c7.hyperlane.co\/?page_id=1642"},"modified":"2025-05-17T10:41:12","modified_gmt":"2025-05-17T09:41:12","slug":"voordelen-voor-bedrijven","status":"publish","type":"page","link":"https:\/\/blue-bike.be\/fr\/voordelen-voor-bedrijven\/","title":{"rendered":"Voordelen voor Bedrijven"},"content":{"rendered":"\n<div class='hero hero_small' id=\"block_5859214eb16fff6c067cfe44a20b34fa\">\n    \n    <div class='hero__bg'>\n      \n<picture>\n  <img decoding=\"async\" loading=\"\"\n    class=\"image  \"\n    src=\"https:\/\/blue-bike.be\/wp-content\/uploads\/2023\/06\/Blue-bike_Kobe-Wens-2-2400x0-c-default.webp\"\n    data-src=\"https:\/\/blue-bike.be\/wp-content\/uploads\/2023\/06\/Blue-bike_Kobe-Wens-2-2400x0-c-default.webp\"\n    alt=\"image\"\n    title=\"\" \/>\n<\/picture>\n    <\/div>\n  \n  <div class='hero__inner'>\n    <div class='hero__container'>\n      <div class='hero__content'>\n\n                  \n\n                  \n  \n\n\n<h1 class=\"text text_default-32-bold hero__text \"\n>\n  Avantages pour les entreprises\n<\/h1>\n        \n        \n        \n        \n      <\/div>\n    <\/div>\n  <\/div>\n\n  <div class='hero__wave'>\n    <svg width=\"1512\" height=\"100\" viewBox=\"0 0 1512 100\" fill=\"none\" xmlns=\"http:\/\/www.w3.org\/2000\/svg\">\n      <path fill-rule=\"evenodd\" clip-rule=\"evenodd\" d=\"M756 99.9999C1393.5 99.9999 1512 0 1512 0L1512 100L756 99.9999ZM8.74228e-06 -0.000132183L0 99.9999L756 99.9999C118.5 99.9999 8.74228e-06 -0.000132183 8.74228e-06 -0.000132183Z\" fill=\"#fafbfc\"\/>\n    <\/svg>\n  <\/div>\n<\/div>\n\n\n\n<div style=\"height:30px\" aria-hidden=\"true\" class=\"wp-block-spacer\"><\/div>\n\n\n\n\n<div class='content-block content-block_type-text'>\n      <div class='content-block__info'>\n      \n\n                  \n  \n\n\n<p class=\"text text_default-24-bold content-block__title \"\n>\n  Votre entreprise surfe-t-elle d\u00e9j\u00e0 sur la vague bleue ? \n<\/p>\n      \n\n                  \n  \n\n\n<span class=\"text text_default-16-regular content-block__text \"\n>\n  <p>Lundi, une r\u00e9union importante \u00e0 Namur. Mardi, une journ\u00e9e \u00e0 la maison. Mercredi, des visiteurs de la p\u00e9riph\u00e9rie bruxelloise sur le plancher. Jeudi, d\u00e9jeuner de travail avec un client potentiel \u00e0 Louvain. Vendredi, une conf\u00e9rence dans le centre d&rsquo;Anvers. <strong>Vos employ\u00e9s, tout comme votre entreprise, sont constamment en mouvement.<\/strong><\/p>\n<p>Et dans la mesure du possible, ils aiment se d\u00e9placer de mani\u00e8re durable. Le train, le tram ou le bus sont alors les options les plus \u00e9videntes. Pour faciliter au maximum les d\u00e9placements sur le dernier kilom\u00e8tre, Blue-bike propose des v\u00e9los partag\u00e9s dans <strong>plus de 120 lieux<\/strong> en Belgique. Nos v\u00e9los bleus colorent les rues autour des gares, des arr\u00eats de bus et des P&amp;Rs. Ainsi, vos employ\u00e9s et visiteurs peuvent facilement trouver leur chemin vers une mobilit\u00e9 plus durable. Et vers votre bureau. <strong>Saviez-vous que 58 % des employ\u00e9s en Flandre travaillent avec des Blue-bikes dans un rayon de 3 km autour d&rsquo;une station de la SNCB ?<\/strong> Il est donc grand temps que votre entreprise surfe elle aussi sur notre vague bleue.<\/p>\n<p><strong>Il est possible de s&rsquo;inscrire \u00e0 Blue-bike de trois mani\u00e8res diff\u00e9rentes :<\/strong><\/p>\n<ul>\n<li>Compte principal avec des sous-comptes pour les utilisateurs fr\u00e9quents et des bons pour les utilisateurs sporadiques ;<\/li>\n<li>Compte personnel pour vos employ\u00e9s<\/li>\n<li>Achat de vouchers via des fournisseurs MaaS tels qu&rsquo;<span style=\"color: #0078a3;\"><strong><a style=\"color: #0078a3;\" href=\"https:\/\/www.olympus-mobility.be\/fr\/\">Olympus Mobility<\/a><\/strong><\/span> ou KBC Mobile.<\/li>\n<\/ul>\n<p>&nbsp;<\/p>\n<p>&nbsp;<\/p>\n\n<\/span>\n    <\/div>\n    <\/div>\n\n\n\n\n<div class='content-block content-block_type-image'>\n        <div class='content-block__thumb'>\n      \n<picture>\n  <img decoding=\"async\" loading=\"lazy\"\n    class=\"image lazy \"\n    src=\"https:\/\/blue-bike.be\/wp-content\/uploads\/2023\/11\/delijn-combimobiliteit-13-scaled.webp\"\n    data-src=\"https:\/\/blue-bike.be\/wp-content\/uploads\/2023\/11\/delijn-combimobiliteit-13-scaled.webp\"\n    alt=\"Blue-bike pour entreprises\"\n    title=\"delijn-combimobiliteit-13\" \/>\n<\/picture>\n    <\/div>\n  <\/div>\n\n\n\n<div style=\"height:30px\" aria-hidden=\"true\" class=\"wp-block-spacer\"><\/div>\n\n\n\n\n<div class='content-block content-block_type-text'>\n      <div class='content-block__info'>\n      \n\n                  \n  \n\n\n<p class=\"text text_default-24-bold content-block__title \"\n>\n  D&rsquo;innombrables avantages\n<\/p>\n      \n\n                  \n  \n\n\n<span class=\"text text_default-16-regular content-block__text \"\n>\n  <p>En tant que membre de Blue-bike, vous avez<strong> acc\u00e8s \u00e0 tous nos sites en Belgique<\/strong>. En d&rsquo;autres termes, vos collaborateurs ont un v\u00e9lo en poche dans tout le pays. Oubliez le transport d&rsquo;un v\u00e9lo pliant \u00ab\u00a0pratique\u00a0\u00bb ou les heures de queue sur le Ring d&rsquo;Anvers. En tant que <strong>connexion aux transports publics<\/strong>, il n&rsquo;y a pas de meilleur moyen que de parcourir le dernier kilom\u00e8tre \u00e0 v\u00e9lo. Vos employ\u00e9s peuvent \u00e9galement occuper leur temps dans le train de mani\u00e8re relaxante ou efficace. Avec une balade \u00e0 v\u00e9lo rafra\u00eechissante en guise de dessert, vos employ\u00e9s seront pr\u00eats \u00e0 passer \u00e0 l&rsquo;action. Une diff\u00e9rence immense avec un trajet en voiture stressant, des places de parking difficeles \u00e0 trouver et des travaux routiers impr\u00e9visibles. <strong>L&rsquo;indemnit\u00e9 kilom\u00e9trique<\/strong> rend \u00e9galement int\u00e9ressant pour vos employ\u00e9s l&rsquo;utilisation de Blue-bike comme connexion aux transports publics.<\/p>\n<p style=\"padding-left: 40px;\"><strong><span style=\"color: #0078a3;\">Voici ce qu&rsquo;en dit un utilisateur satisfait de Blue-bike<\/span><\/strong><\/p>\n<p style=\"padding-left: 40px;\">\u00ab\u00a0Blue-bike, c&rsquo;est la libert\u00e9. Pas de probl\u00e8me avec les v\u00e9los dans le train, facile \u00e0 utiliser, plus rapide \u00e0 destination.\u00a0\u00bb<\/p>\n<p style=\"padding-left: 40px;\">Ann Matton<\/p>\n<h4>Avantages pour votre entreprise<\/h4>\n<p>Non seulement vos employ\u00e9s, mais aussi votre entreprise b\u00e9n\u00e9ficieront de l&rsquo;adh\u00e9sion \u00e0 Blue-bike. Apr\u00e8s tout, <strong>vous mettez en \u0153uvre vos ambitions en mati\u00e8re de d\u00e9veloppement durable<\/strong>. Le Modal Shift est en cours depuis un certain temps et de plus en plus d&#8217;employ\u00e9s recherchent des alternatives durables pour leurs d\u00e9placements professionnels. De plus, une adh\u00e9sion \u00e0 Blue-bike s&rsquo;int\u00e8gre parfaitement \u00e0 votre <strong>plan de mobilit\u00e9<\/strong>. Offrir Blue-bike \u00e0 vos employ\u00e9s est \u00e9galement <strong>d\u00e9ductible \u00e0 100 % des imp\u00f4ts<\/strong>. Avec un abonnement, vous roulez toujours au<strong> tarif le plus avantageux<\/strong>. Vous pouvez demander <strong>autant de sous-comptes personnalis\u00e9s que vous le souhaitez<\/strong> sur un compte principal. Vous recevrez automatiquement un relev\u00e9 mensuel avec tous les trajets par sous-compte. Vous pouvez \u00e9galement vous connecter au site web et <strong>g\u00e9rer les donn\u00e9es en temps r\u00e9el<\/strong>.<\/p>\n<p>Vous recevez r\u00e9guli\u00e8rement des visiteurs ? Accueillez-les \u00e0 bras ouverts et encouragez-les \u00e0 utiliser les transports publics. Offrez-leur un bon pour descendre jusqu&rsquo;\u00e0 votre entreprise en transports publics.<\/p>\n<p><strong>Blue-bike, la solution id\u00e9ale pour le dernier kilom\u00e8tre :<\/strong><\/p>\n<ul>\n<li>Les r\u00e9unions ;<\/li>\n<li>Les rendez-vous de midi ;<\/li>\n<li>Les d\u00e9placements de service ;<\/li>\n<li>Les d\u00e9placements domicile-travail flexibles ;<\/li>\n<li>Le d\u00e9placement durable des visiteurs, des candidats \u00e0 l&#8217;emploi&#8230; ;<\/li>\n<li>D\u00e9tente pendant les pauses d\u00e9jeuner.<\/li>\n<\/ul>\n<p>&nbsp;<\/p>\n\n<\/span>\n    <\/div>\n    <\/div>\n\n\n\n\n<div class='content-block content-block_type-text'>\n      <div class='content-block__info'>\n      \n\n                  \n  \n\n\n<p class=\"text text_default-24-bold content-block__title \"\n>\n  Adh\u00e9sion \u00e0 Blue-bike et sous-copmptes \n<\/p>\n      \n\n                  \n  \n\n\n<span class=\"text text_default-16-regular content-block__text \"\n>\n  <div class=\"l-content\" role=\"main\">\n<div class=\"l-region--content\">\n<div class=\"ds-1col node node--page view-mode-full node--full node--page--full clearfix\">\n<div class=\"field field--name-body field--type-text-with-summary field--label-hidden\">\n<div class=\"field__items\">\n<div class=\"field__item even\">\n<p>Pr\u00eat \u00e0 rejoindre notre flotte bleue ? <span style=\"color: #0078a3;\"><strong><a style=\"color: #0078a3;\" href=\"https:\/\/subscribe.blue-bike.be\/fr\/\">Cr\u00e9ez un compte<\/a><\/strong><\/span> avec votre num\u00e9ro d&rsquo;entreprise et commandez le nombre de sous-comptes ou de bons que vous souhaitez pour vos employ\u00e9s. Pour chaque sous-compte, vous pouvez choisir la formule tarifaire qui convient mieux.<\/p>\n<\/div>\n<p>&nbsp;<\/p>\n<\/div>\n<\/div>\n<\/div>\n<\/div>\n<\/div>\n\n<\/span>\n    <\/div>\n    <\/div>\n\n\n\n\n<div class='content-block content-block_type-text'>\n      <div class='content-block__info'>\n      \n\n                  \n  \n\n\n<p class=\"text text_default-24-bold content-block__title \"\n>\n  Blue-bike vouchers\n<\/p>\n      \n\n                  \n  \n\n\n<span class=\"text text_default-16-regular content-block__text \"\n>\n  <p><strong>Exclusivement pour les entreprises<\/strong>, Blue-bike propose \u00e9galement des vouchers. Ceux-ci permettent d&#8217;emprunter un v\u00e9lo pour 24 heures avec un code d&rsquo;acc\u00e8s unique.<\/p>\n<p>Pour acheter un nombre illimit\u00e9 de bons, devenez membre en tant qu&rsquo;entreprise. Vous pouvez facilement commander des bons en vous connectant \u00e0 notre site web. Le compte auquel les bons sont li\u00e9s reste responsable de toutes les courses effectu\u00e9es et de tous les frais suppl\u00e9mentaires.<\/p>\n<p>Pour de nombreuses entreprises, les bons sont la solution id\u00e9ale, car ils permettent de commander des paquets de trajets dans les quantit\u00e9s souhait\u00e9es et \u00e0 un <strong>tarif avantageux<\/strong>.<\/p>\n<table style=\"border-collapse: collapse; border: 1px solid #000;\">\n<tbody>\n<tr style=\"background-color: #009cd7; color: #fff;\">\n<th style=\"border: 1px solid #000; padding: 8px; text-align: left;\">Nombre de vouchers<\/th>\n<th style=\"border: 1px solid #000; padding: 8px; text-align: left;\">Prix v\u00e9lo musculaire<\/th>\n<th style=\"border: 1px solid #000; padding: 8px; text-align: left;\">Prix v\u00e9lo \u00e9lectrique<\/th>\n<\/tr>\n<tr>\n<td style=\"border: 1px solid #000; padding: 8px; text-align: left;\">1 \u00e0 49 vouchers<\/td>\n<td style=\"border: 1px solid #000; padding: 8px; text-align: left;\">5 \u20ac par voucher*<\/td>\n<td style=\"border: 1px solid #000; padding: 8px; text-align: left;\">10 \u20ac par voucher*<\/td>\n<\/tr>\n<tr>\n<td style=\"border: 1px solid #000; padding: 8px; text-align: left;\">\u00c0 partir de 50 vouchers<\/td>\n<td style=\"border: 1px solid #000; padding: 8px; text-align: left;\">4,69 \u20ac par voucher*<\/td>\n<td style=\"border: 1px solid #000; padding: 8px; text-align: left;\">9,38 \u20ac par voucher*<\/td>\n<\/tr>\n<tr>\n<td style=\"border: 1px solid #000; padding: 8px; text-align: left;\">\u00c0 partir de 100 vouchers<\/td>\n<td style=\"border: 1px solid #000; padding: 8px; text-align: left;\">4,38 \u20ac par voucher*<\/td>\n<td style=\"border: 1px solid #000; padding: 8px; text-align: left;\">8,76 \u20ac par voucher*<\/td>\n<\/tr>\n<\/tbody>\n<\/table>\n<p>*Ces prix n&rsquo;incluent pas la TVA de 6%.<\/p>\n<p>&nbsp;<\/p>\n\n<\/span>\n    <\/div>\n    <\/div>\n\n\n\n\n<div class='content-block content-block_type-text'>\n      <div class='content-block__info'>\n      \n\n                  \n  \n\n\n<p class=\"text text_default-24-bold content-block__title \"\n>\n  Op\u00e9rateurs MaaS (Mobility as a Service) \n<\/p>\n      \n\n                  \n  \n\n\n<span class=\"text text_default-16-regular content-block__text \"\n>\n  <p>Il est \u00e9galement possible d&#8217;emprunter un v\u00e9lo bleu par l&rsquo;interm\u00e9diaire d&rsquo;op\u00e9rateurs MaaS tels qu&rsquo;<span style=\"color: #0078a3;\"><strong><a style=\"color: #0078a3;\" href=\"https:\/\/www.olympus-mobility.be\/fr\/\">Olympus Mobility<\/a><\/strong><\/span> ou KBC Mobile. L&rsquo;avantage est que <strong>vous ne devez pas vous abonner \u00e0 Blue-bike<\/strong>, mais que vous pouvez utiliser votre compte aupr\u00e8s du fournisseur MaaS. Sur la plateforme, vous pouvez \u00e9galement acheter <strong>d&rsquo;autres services de mobilit\u00e9<\/strong> tels que De Lijn, la SNCB, cambio ou trotinettes partag\u00e9es. La facturation et le traitement administratif se font alors par l&rsquo;interm\u00e9diaire du fournisseur MaaS.<\/p>\n<p>Pr\u00eat \u00e0 jouer un r\u00f4le de pionnier sur la voie de la <strong>mobilit\u00e9 durable<\/strong> ? Blue-bike est pr\u00eat pour vous ! <strong>Nous soutenons nos entreprises clientes dans la poursuite de la communication interne<\/strong>. Sur demande, nous mettons \u00e0 votre disposition une bo\u00eete \u00e0 outils compl\u00e8te avec des informations pour les employ\u00e9s, des mod\u00e8les de courrier, des d\u00e9pliants&#8230;<\/p>\n<p>Vous souhaitez plus d&rsquo;informations ? Contactez-nous \u00e0 l&rsquo;adresse <a href=\"mailto:info@blue-bike.be\"><span style=\"color: #0078a3;\"><strong>info@blue-bike.be<\/strong><\/span><\/a>.<\/p>\n<p>&nbsp;<\/p>\n\n<\/span>\n    <\/div>\n    <\/div>\n","protected":false},"excerpt":{"rendered":"","protected":false},"author":2,"featured_media":0,"parent":0,"menu_order":0,"comment_status":"closed","ping_status":"closed","template":"","meta":{"footnotes":""},"class_list":["post-1642","page","type-page","status-publish","hentry"],"acf":[],"_links":{"self":[{"href":"https:\/\/blue-bike.be\/fr\/wp-json\/wp\/v2\/pages\/1642","targetHints":{"allow":["GET"]}}],"collection":[{"href":"https:\/\/blue-bike.be\/fr\/wp-json\/wp\/v2\/pages"}],"about":[{"href":"https:\/\/blue-bike.be\/fr\/wp-json\/wp\/v2\/types\/page"}],"author":[{"embeddable":true,"href":"https:\/\/blue-bike.be\/fr\/wp-json\/wp\/v2\/users\/2"}],"replies":[{"embeddable":true,"href":"https:\/\/blue-bike.be\/fr\/wp-json\/wp\/v2\/comments?post=1642"}],"version-history":[{"count":78,"href":"https:\/\/blue-bike.be\/fr\/wp-json\/wp\/v2\/pages\/1642\/revisions"}],"predecessor-version":[{"id":9004,"href":"https:\/\/blue-bike.be\/fr\/wp-json\/wp\/v2\/pages\/1642\/revisions\/9004"}],"wp:attachment":[{"href":"https:\/\/blue-bike.be\/fr\/wp-json\/wp\/v2\/media?parent=1642"}],"curies":[{"name":"wp","href":"https:\/\/api.w.org\/{rel}","templated":true}]}}