{"id":1671,"date":"2023-06-27T16:14:01","date_gmt":"2023-06-27T15:14:01","guid":{"rendered":"https:\/\/acc-wordpress-a778828375c7.hyperlane.co\/?page_id=1671"},"modified":"2023-08-01T13:23:02","modified_gmt":"2023-08-01T12:23:02","slug":"service","status":"publish","type":"page","link":"https:\/\/blue-bike.be\/fr\/service\/","title":{"rendered":"Service"},"content":{"rendered":"\n<div class='hero hero_small' id=\"block_86e44ecd33fad7160eb2078c2140894c\">\n    \n    <div class='hero__bg'>\n      \n<picture>\n  <img decoding=\"async\" loading=\"\"\n    class=\"image  \"\n    src=\"https:\/\/blue-bike.be\/wp-content\/uploads\/2023\/06\/Blue-bike_Kobe-Wens-2-2400x0-c-default.webp\"\n    data-src=\"https:\/\/blue-bike.be\/wp-content\/uploads\/2023\/06\/Blue-bike_Kobe-Wens-2-2400x0-c-default.webp\"\n    alt=\"image\"\n    title=\"\" \/>\n<\/picture>\n    <\/div>\n  \n  <div class='hero__inner'>\n    <div class='hero__container'>\n      <div class='hero__content'>\n\n                  \n\n                  \n  \n\n\n<h1 class=\"text text_default-32-bold hero__text \"\n>\n  Besoin D&rsquo;Aide?\n<\/h1>\n        \n        \n        \n        \n      <\/div>\n    <\/div>\n  <\/div>\n\n  <div class='hero__wave'>\n    <svg width=\"1512\" height=\"100\" viewBox=\"0 0 1512 100\" fill=\"none\" xmlns=\"http:\/\/www.w3.org\/2000\/svg\">\n      <path fill-rule=\"evenodd\" clip-rule=\"evenodd\" d=\"M756 99.9999C1393.5 99.9999 1512 0 1512 0L1512 100L756 99.9999ZM8.74228e-06 -0.000132183L0 99.9999L756 99.9999C118.5 99.9999 8.74228e-06 -0.000132183 8.74228e-06 -0.000132183Z\" fill=\"#fafbfc\"\/>\n    <\/svg>\n  <\/div>\n<\/div>\n\n\n\n\n<div class='content-block content-block_type-text'>\n      <div class='content-block__info'>\n      \n\n                  \n  \n\n\n<p class=\"text text_default-24-bold content-block__title \"\n>\n  \n<\/p>\n      \n\n                  \n  \n\n\n<span class=\"text text_default-16-regular content-block__text \"\n>\n  <h3><span style=\"color: #0078a3;\"><strong>En panne en cours de route ?<\/strong><\/span><\/h3>\n<p>Vous \u00eates en panne avec votre v\u00e9lo \u00e0 plus de 1,5 km du point Blue-bike ? <strong>Appelez l\u2019assistance v\u00e9lo gratuite d\u2019Ethias<\/strong>\u00a0au<strong>\u00a0<span style=\"color: #0078a3;\"><a style=\"color: #0078a3;\" href=\"tel:+3242 20 30 40\">+32 42 20 30 40<\/a><\/span><\/strong>.<\/p>\n<p>Un d\u00e9panneur viendra vous chercher avec votre v\u00e9lo et vous ram\u00e8nera au point d&#8217;emprunt initial.<\/p>\n<p><span style=\"color: #0078a3;\"><a style=\"color: #0078a3;\" href=\"https:\/\/blue-bike.be\/fr\/actions-et-evenements\/sur-la-route-appelez-ethias-pour-obtenir-de-laide\" target=\"_blank\" rel=\"noopener\">D\u00e9couvrez l&rsquo;assistance v\u00e9lo d&rsquo;Ethias.<\/a><\/span><\/p>\n<p>&nbsp;<\/p>\n<h3><span style=\"color: #0078a3;\"><strong>Vous avez un probl\u00e8me technique lors de l&#8217;emprunt ou de la remise de votre v\u00e9lo ?<\/strong><\/span><\/h3>\n<p>Envoyez un SMS au 8686. Commencez le message par \u00ab BLUE + lieu + br\u00e8ve description du probl\u00e8me \u00bb. \u00a0Nous vous contacterons dans les plus brefs d\u00e9lais.<\/p>\n<p>&nbsp;<\/p>\n<h3><span style=\"color: #0078a3;\"><strong>Autres questions ?<\/strong><\/span><\/h3>\n<p>Jetez d&rsquo;abord un coup d&rsquo;\u0153il aux <span style=\"color: #0078a3;\"><a style=\"color: #0078a3;\" href=\"https:\/\/blue-bike.be\/fr\/heb-je-vragen\">FAQ<\/a><\/span>. Vous y trouverez de nombreuses r\u00e9ponses.<\/p>\n<p>Vous pouvez \u00e9galement remplir le\u00a0<span style=\"color: #0078a3;\"><a style=\"color: #0078a3;\" href=\"https:\/\/blue-bike.be\/fr\/contact\">formulaire de contact<\/a><\/span>\u00a0sur notre site.<\/p>\n<p>&nbsp;<\/p>\n<h3><span style=\"color: #0078a3;\"><strong>Vous avez trouv\u00e9 une carte de membre ?<\/strong><\/span><\/h3>\n<p>Informez-nous en par le \u00a0<span style=\"color: #0078a3;\"><a style=\"color: #0078a3;\" href=\"https:\/\/blue-bike.be\/fr\/contact\">formulaire de contact<\/a><\/span>.<span style=\"color: #0078a3;\">\u00a0<span style=\"color: #000000;\">N&rsquo;oubliez pas d&rsquo;<\/span><\/span>indiquer le num\u00e9ro de la carte afin que nous puissions retrouver le propri\u00e9taire. Merci !<\/p>\n<p>&nbsp;<\/p>\n\n<\/span>\n    <\/div>\n    <\/div>\n","protected":false},"excerpt":{"rendered":"","protected":false},"author":2,"featured_media":0,"parent":0,"menu_order":0,"comment_status":"closed","ping_status":"closed","template":"","meta":{"footnotes":""},"class_list":["post-1671","page","type-page","status-publish","hentry"],"acf":[],"_links":{"self":[{"href":"https:\/\/blue-bike.be\/fr\/wp-json\/wp\/v2\/pages\/1671","targetHints":{"allow":["GET"]}}],"collection":[{"href":"https:\/\/blue-bike.be\/fr\/wp-json\/wp\/v2\/pages"}],"about":[{"href":"https:\/\/blue-bike.be\/fr\/wp-json\/wp\/v2\/types\/page"}],"author":[{"embeddable":true,"href":"https:\/\/blue-bike.be\/fr\/wp-json\/wp\/v2\/users\/2"}],"replies":[{"embeddable":true,"href":"https:\/\/blue-bike.be\/fr\/wp-json\/wp\/v2\/comments?post=1671"}],"version-history":[{"count":27,"href":"https:\/\/blue-bike.be\/fr\/wp-json\/wp\/v2\/pages\/1671\/revisions"}],"predecessor-version":[{"id":3696,"href":"https:\/\/blue-bike.be\/fr\/wp-json\/wp\/v2\/pages\/1671\/revisions\/3696"}],"wp:attachment":[{"href":"https:\/\/blue-bike.be\/fr\/wp-json\/wp\/v2\/media?parent=1671"}],"curies":[{"name":"wp","href":"https:\/\/api.w.org\/{rel}","templated":true}]}}