{"id":1683,"date":"2023-07-04T12:48:59","date_gmt":"2023-07-04T11:48:59","guid":{"rendered":"https:\/\/acc-wordpress-a778828375c7.hyperlane.co\/voordelen-voor-steden-en-gemeenten\/"},"modified":"2026-01-16T10:46:49","modified_gmt":"2026-01-16T10:46:49","slug":"voordelen-voor-steden-en-gemeenten","status":"publish","type":"page","link":"https:\/\/blue-bike.be\/fr\/voordelen-voor-steden-en-gemeenten\/","title":{"rendered":"Voordelen voor Steden en Gemeenten"},"content":{"rendered":"\n<div class='hero hero_small' id=\"block_3571acf4b52f17a5a0298945ed1f1745\">\n    \n    <div class='hero__bg'>\n      \n<picture>\n  <img decoding=\"async\" loading=\"\"\n    class=\"image  \"\n    src=\"https:\/\/blue-bike.be\/wp-content\/uploads\/2023\/06\/Blue-bike_Kobe-Wens-5-2400x0-c-default.webp\"\n    data-src=\"https:\/\/blue-bike.be\/wp-content\/uploads\/2023\/06\/Blue-bike_Kobe-Wens-5-2400x0-c-default.webp\"\n    alt=\"image\"\n    title=\"\" \/>\n<\/picture>\n    <\/div>\n  \n  <div class='hero__inner'>\n    <div class='hero__container'>\n      <div class='hero__content'>\n\n                  \n\n                  \n  \n\n\n<h1 class=\"text text_default-32-bold hero__text \"\n>\n  Avantages pour les municipalit\u00e9s\n<\/h1>\n        \n        \n        \n        \n      <\/div>\n    <\/div>\n  <\/div>\n\n  <div class='hero__wave'>\n    <svg width=\"1512\" height=\"100\" viewBox=\"0 0 1512 100\" fill=\"none\" xmlns=\"http:\/\/www.w3.org\/2000\/svg\">\n      <path fill-rule=\"evenodd\" clip-rule=\"evenodd\" d=\"M756 99.9999C1393.5 99.9999 1512 0 1512 0L1512 100L756 99.9999ZM8.74228e-06 -0.000132183L0 99.9999L756 99.9999C118.5 99.9999 8.74228e-06 -0.000132183 8.74228e-06 -0.000132183Z\" fill=\"#fafbfc\"\/>\n    <\/svg>\n  <\/div>\n<\/div>\n\n\n\n<div style=\"height:40px\" aria-hidden=\"true\" class=\"wp-block-spacer\"><\/div>\n\n\n\n\n<div class='content-block content-block_type-text'>\n      <div class='content-block__info'>\n      \n\n                  \n  \n\n\n<p class=\"text text_default-24-bold content-block__title \"\n>\n  \n<\/p>\n      \n\n                  \n  \n\n\n<span class=\"text text_default-16-regular content-block__text \"\n>\n  <h3><span style=\"color: #0078a3;\">Blue-bike avec les autorit\u00e9s locales comme partenaires les plus importants<\/span><\/h3>\n<p>Avec vous, Blue-bike veut rendre accessible de fa\u00e7on durable la Flandre et r\u00e9aliser les ambitions climatiques communes. La mobilit\u00e9 partag\u00e9e est un maillon indispensable pour r\u00e9aliser le transfert modal dans votre r\u00e9gion.<\/p>\n<h3><span style=\"color: #0078a3;\"><strong>Blue-bike, la r\u00e9f\u00e9rence du march\u00e9 du v\u00e9lo partag\u00e9 depuis 2011<\/strong><\/span><\/h3>\n<p>Blue-bike est la r\u00e9f\u00e9rence quant aux v\u00e9los partag\u00e9s. Depuis 2011, nous \u00e9tendons notre r\u00e9seau dans tout le pays. Nous sommes pr\u00e9sents dans plus de 110 endroits, en particulier dans les gares, aux arr\u00eats de bus et de tram, mais aussi aux parkings relais (P+R) et aux Mobipoints. L\u2019ann\u00e9e derni\u00e8re, plus de 300.000 fois, l\u2019un de nos 2.300 v\u00e9los a \u00e9t\u00e9 emprunt\u00e9, par nos plus de 31.500 membres.<\/p>\n<p>Nous consid\u00e9rons <strong>l\u2019effet intrins\u00e8que et autorenfor\u00e7ant de notre mod\u00e8le de r\u00e9seau<\/strong> comme la cl\u00e9 du succ\u00e8s\u00a0: plus il y a d\u2019endroits, plus il y a de moyens de transport pour les utilisateurs existants et potentiels.<\/p>\n<h3><\/h3>\n\n<\/span>\n    <\/div>\n    <\/div>\n\n\n\n<div style=\"height:40px\" aria-hidden=\"true\" class=\"wp-block-spacer\"><\/div>\n\n\n\n\n<div class='content-block content-block_type-image'>\n        <div class='content-block__thumb'>\n      \n<picture>\n  <img decoding=\"async\" loading=\"lazy\"\n    class=\"image lazy \"\n    src=\"https:\/\/blue-bike.be\/wp-content\/uploads\/2023\/07\/blue-bike-leden-FR.webp\"\n    data-src=\"https:\/\/blue-bike.be\/wp-content\/uploads\/2023\/07\/blue-bike-leden-FR.webp\"\n    alt=\"image\"\n    title=\"blue-bike leden FR\" \/>\n<\/picture>\n    <\/div>\n  <\/div>\n\n\n\n<div style=\"height:40px\" aria-hidden=\"true\" class=\"wp-block-spacer\"><\/div>\n\n\n\n\n<div class='content-block content-block_type-text'>\n      <div class='content-block__info'>\n      \n\n                  \n  \n\n\n<p class=\"text text_default-24-bold content-block__title \"\n>\n  \n<\/p>\n      \n\n                  \n  \n\n\n<span class=\"text text_default-16-regular content-block__text \"\n>\n  <h3><span style=\"color: #0078a3;\"><strong>Blue-bike est innovante<\/strong><\/span><\/h3>\n<p>Ne pas bouger, c\u2019est reculer. En 2020, Blue-bike a introduit la premi\u00e8re g\u00e9n\u00e9ration d\u2019antivols intelligents. Cela a rendu la mise en place de nouveaux points Blue-bike beaucoup plus rentables et a permis \u00e0 nos membres d\u2019emprunter un v\u00e9lo plus rapidement. Aujourd\u2019hui, nous sommes sur le point de lancer une version bien am\u00e9lior\u00e9e de l\u2019antivol digital, ainsi qu\u2019une app toute neuve. De cette fa\u00e7on, nous nous pr\u00e9parons \u00e9galement \u00e0 l\u2019introduction en 2024, d\u2019une nouvelle formule de paiement (par carte bancaire ou par carte de cr\u00e9dit, sans adh\u00e9sion) et au d\u00e9ploiement de v\u00e9los \u00e9lectriques qui seront construits de mani\u00e8re enti\u00e8rement circulaire (pour en savoir plus, consultez le site <a href=\"https:\/\/electric-blue.be\/\">https:\/\/electric-blue.be<\/a>).<\/p>\n<h3><strong><span style=\"color: #0078a3;\">Renforcez le r\u00e9seau \u2013 Que propose Blue-bike? Que des avantages\u2026<\/span> <\/strong><\/h3>\n<ul>\n<li>Votre commune\/ville devient <strong>plus accessible pour plus de 31.500 membres de Blue-bike<\/strong>. Pour seulement 1,50 \u20ac par 24h, les utilisateurs peuvent se rendre \u00e0 leur destination\u00a0: vers les entreprises, les zones d\u2019activit\u00e9s, les attractions touristiques, l\u2019\u00e9cole, la famille, \u2026<\/li>\n<li>Vous r\u00e9alisez un objectif de <strong>votre plan climatique\u00a0local<\/strong>: la r\u00e9duction des \u00e9missions de CO<sup>2 <\/sup>du trafic est l\u2019une des principales priorit\u00e9s, tant au niveau flamand qu\u2019au niveau national \u2013 4 trajets en v\u00e9lo partag\u00e9, remplacent un trajet en voiture.<\/li>\n<li>En choisissant Blue-bike, vous soutenez l\u2019emploi social local\u00a0: Les Blue-bikes sont assembl\u00e9s et entretenus par des entreprises de customisation.<\/li>\n<li>Vous \u00eates assur\u00e9 d\u2019un <strong>partenaire flexible qui \u00e9volue avec les besoins<\/strong>. Nous augmentons, sans frais suppl\u00e9mentaires, le nombre de v\u00e9los avec le nombre de trajets effectu\u00e9s\u00a0.<\/li>\n<li>Vous optez pour une r\u00e9alisation rapide et \u00e9conomique <strong>d\u2019une solution de transport.<\/strong><\/li>\n<\/ul>\n<h3><span style=\"color: #0078a3;\"><strong>Blue-bike dans votre commune\/ville\u00a0?<\/strong><\/span><\/h3>\n<p>Contactez-nous \u00e0 gemeente@blue-mobility.be.<\/p>\n\n<\/span>\n    <\/div>\n    <\/div>\n\n\n\n\n<div class='content-block content-block_type-text'>\n      <div class='content-block__info'>\n      \n\n                  \n  \n\n\n<p class=\"text text_default-24-bold content-block__title \"\n>\n  \n<\/p>\n      \n\n                  \n  \n\n\n<span class=\"text text_default-16-regular content-block__text \"\n>\n  <p>\n<!-- SharpSpring Form for Nieuwsbrief lokale besturen-FR  --><br \/>\n<script type=\"text\/javascript\">\n    var ss_form = {'account': 'MzY0sjQ1tjA1AwA', 'formID': 'S7MwNjBPNkzUNTNJNdI1STRK1E1MNDDVTbSwMLYwTjZKNDRIBQA'};\n    ss_form.width = '100%';\n    ss_form.domain = 'app-3SLWCXQ36C.marketingautomation.services';\n    \/\/ ss_form.hidden = {'field_id': 'value'}; \/\/ Modify this for sending hidden variables, or overriding values\n    \/\/ ss_form.target_id = 'target'; \/\/ Optional parameter: forms will be placed inside the element with the specified id\n    \/\/ ss_form.polling = true; \/\/ Optional parameter: set to true ONLY if your page loads dynamically and the id needs to be polled continually.\n<\/script><br \/>\n<script type=\"text\/javascript\" src=\"https:\/\/koi-3SLWCXQ36C.marketingautomation.services\/client\/form.js?ver=2.0.1\"><\/script><\/p>\n\n<\/span>\n    <\/div>\n    <\/div>\n\n\n\n<div style=\"height:100px\" aria-hidden=\"true\" class=\"wp-block-spacer\"><\/div>\n","protected":false},"excerpt":{"rendered":"","protected":false},"author":2,"featured_media":0,"parent":0,"menu_order":0,"comment_status":"closed","ping_status":"closed","template":"","meta":{"footnotes":""},"class_list":["post-1683","page","type-page","status-publish","hentry"],"acf":[],"_links":{"self":[{"href":"https:\/\/blue-bike.be\/fr\/wp-json\/wp\/v2\/pages\/1683","targetHints":{"allow":["GET"]}}],"collection":[{"href":"https:\/\/blue-bike.be\/fr\/wp-json\/wp\/v2\/pages"}],"about":[{"href":"https:\/\/blue-bike.be\/fr\/wp-json\/wp\/v2\/types\/page"}],"author":[{"embeddable":true,"href":"https:\/\/blue-bike.be\/fr\/wp-json\/wp\/v2\/users\/2"}],"replies":[{"embeddable":true,"href":"https:\/\/blue-bike.be\/fr\/wp-json\/wp\/v2\/comments?post=1683"}],"version-history":[{"count":42,"href":"https:\/\/blue-bike.be\/fr\/wp-json\/wp\/v2\/pages\/1683\/revisions"}],"predecessor-version":[{"id":10192,"href":"https:\/\/blue-bike.be\/fr\/wp-json\/wp\/v2\/pages\/1683\/revisions\/10192"}],"wp:attachment":[{"href":"https:\/\/blue-bike.be\/fr\/wp-json\/wp\/v2\/media?parent=1683"}],"curies":[{"name":"wp","href":"https:\/\/api.w.org\/{rel}","templated":true}]}}