{"id":1824,"date":"2023-07-04T14:20:30","date_gmt":"2023-07-04T13:20:30","guid":{"rendered":"https:\/\/acc-wordpress-a778828375c7.hyperlane.co\/?page_id=1824"},"modified":"2023-07-06T10:57:47","modified_gmt":"2023-07-06T09:57:47","slug":"partners","status":"publish","type":"page","link":"https:\/\/blue-bike.be\/fr\/partners\/","title":{"rendered":"Partners"},"content":{"rendered":"\n<div class='hero hero_small' id=\"block_8f14338b92a50652884fd441aa74221a\">\n    \n    <div class='hero__bg'>\n      \n<picture>\n  <img decoding=\"async\" loading=\"\"\n    class=\"image  \"\n    src=\"https:\/\/blue-bike.be\/wp-content\/uploads\/2023\/06\/Blue-bike_Kobe-Wens-2-2400x0-c-default.webp\"\n    data-src=\"https:\/\/blue-bike.be\/wp-content\/uploads\/2023\/06\/Blue-bike_Kobe-Wens-2-2400x0-c-default.webp\"\n    alt=\"image\"\n    title=\"\" \/>\n<\/picture>\n    <\/div>\n  \n  <div class='hero__inner'>\n    <div class='hero__container'>\n      <div class='hero__content'>\n\n                  \n\n                  \n  \n\n\n<h1 class=\"text text_default-32-bold hero__text \"\n>\n  Partenairs\n<\/h1>\n        \n        \n        \n        \n      <\/div>\n    <\/div>\n  <\/div>\n\n  <div class='hero__wave'>\n    <svg width=\"1512\" height=\"100\" viewBox=\"0 0 1512 100\" fill=\"none\" xmlns=\"http:\/\/www.w3.org\/2000\/svg\">\n      <path fill-rule=\"evenodd\" clip-rule=\"evenodd\" d=\"M756 99.9999C1393.5 99.9999 1512 0 1512 0L1512 100L756 99.9999ZM8.74228e-06 -0.000132183L0 99.9999L756 99.9999C118.5 99.9999 8.74228e-06 -0.000132183 8.74228e-06 -0.000132183Z\" fill=\"#fafbfc\"\/>\n    <\/svg>\n  <\/div>\n<\/div>\n\n\n\n\n<div class='content-block content-block_type-text'>\n      <div class='content-block__info'>\n      \n\n                  \n  \n\n\n<p class=\"text text_default-24-bold content-block__title \"\n>\n  \n<\/p>\n      \n\n                  \n  \n\n\n<span class=\"text text_default-16-regular content-block__text \"\n>\n  <p>Vous-\u00eates membre d&rsquo;un des organisations ci-dessous?<br \/>\nVous recevez deux locations gratuites en achetant votre abonnement!<\/p>\n<p>Si vous \u00eates membre d&rsquo;une des organisations list\u00e9es ci-dessous, cherchez d&rsquo;abord<strong>\u00a0le lien +\u00a0code<\/strong>\u00a0chez votre partenaire avant de vous enregistrer :<\/p>\n<ul>\n<li>Natuurpunt<\/li>\n<\/ul>\n<p><em>*Cet avantage est \u00e0 obtenir uniquement\u00a0en ligne et pas dans les points v\u00e9lo.<br \/>\nCet avantage s&rsquo;applique aux nouveaux membres et ne peut \u00eatre accord\u00e9e r\u00e9troactivement.<br \/>\nLes avantages ne sont pas\u00a0cumulables.<\/em><\/p>\n<p>&nbsp;<\/p>\n\n<\/span>\n    <\/div>\n    <\/div>\n","protected":false},"excerpt":{"rendered":"","protected":false},"author":2,"featured_media":0,"parent":0,"menu_order":0,"comment_status":"closed","ping_status":"closed","template":"","meta":{"footnotes":""},"class_list":["post-1824","page","type-page","status-publish","hentry"],"acf":[],"_links":{"self":[{"href":"https:\/\/blue-bike.be\/fr\/wp-json\/wp\/v2\/pages\/1824","targetHints":{"allow":["GET"]}}],"collection":[{"href":"https:\/\/blue-bike.be\/fr\/wp-json\/wp\/v2\/pages"}],"about":[{"href":"https:\/\/blue-bike.be\/fr\/wp-json\/wp\/v2\/types\/page"}],"author":[{"embeddable":true,"href":"https:\/\/blue-bike.be\/fr\/wp-json\/wp\/v2\/users\/2"}],"replies":[{"embeddable":true,"href":"https:\/\/blue-bike.be\/fr\/wp-json\/wp\/v2\/comments?post=1824"}],"version-history":[{"count":7,"href":"https:\/\/blue-bike.be\/fr\/wp-json\/wp\/v2\/pages\/1824\/revisions"}],"predecessor-version":[{"id":2216,"href":"https:\/\/blue-bike.be\/fr\/wp-json\/wp\/v2\/pages\/1824\/revisions\/2216"}],"wp:attachment":[{"href":"https:\/\/blue-bike.be\/fr\/wp-json\/wp\/v2\/media?parent=1824"}],"curies":[{"name":"wp","href":"https:\/\/api.w.org\/{rel}","templated":true}]}}