{"id":1848,"date":"2023-06-30T11:52:08","date_gmt":"2023-06-30T10:52:08","guid":{"rendered":"https:\/\/acc-wordpress-a778828375c7.hyperlane.co\/?page_id=1848"},"modified":"2025-01-16T14:21:34","modified_gmt":"2025-01-16T14:21:34","slug":"over-ons","status":"publish","type":"page","link":"https:\/\/blue-bike.be\/fr\/over-ons\/","title":{"rendered":"Over Ons"},"content":{"rendered":"\n<div class='hero hero_small' id=\"block_ab343fedffd3618f15b2531e6979721c\">\n    \n    <div class='hero__bg'>\n      \n<picture>\n  <img decoding=\"async\" loading=\"\"\n    class=\"image  \"\n    src=\"https:\/\/blue-bike.be\/wp-content\/uploads\/2023\/06\/visual-Blue-bike-3-2400x0-c-default.webp\"\n    data-src=\"https:\/\/blue-bike.be\/wp-content\/uploads\/2023\/06\/visual-Blue-bike-3-2400x0-c-default.webp\"\n    alt=\"image\"\n    title=\"\" \/>\n<\/picture>\n    <\/div>\n  \n  <div class='hero__inner'>\n    <div class='hero__container'>\n      <div class='hero__content'>\n\n                  \n\n                  \n  \n\n\n<h1 class=\"text text_default-32-bold hero__text \"\n>\n  \u00c0 propos de nous\n<\/h1>\n        \n        \n        \n        \n      <\/div>\n    <\/div>\n  <\/div>\n\n  <div class='hero__wave'>\n    <svg width=\"1512\" height=\"100\" viewBox=\"0 0 1512 100\" fill=\"none\" xmlns=\"http:\/\/www.w3.org\/2000\/svg\">\n      <path fill-rule=\"evenodd\" clip-rule=\"evenodd\" d=\"M756 99.9999C1393.5 99.9999 1512 0 1512 0L1512 100L756 99.9999ZM8.74228e-06 -0.000132183L0 99.9999L756 99.9999C118.5 99.9999 8.74228e-06 -0.000132183 8.74228e-06 -0.000132183Z\" fill=\"#fafbfc\"\/>\n    <\/svg>\n  <\/div>\n<\/div>\n\n\n\n\n<div class='content-block content-block_type-text'>\n      <div class='content-block__info'>\n      \n\n                  \n  \n\n\n<p class=\"text text_default-24-bold content-block__title \"\n>\n  \n<\/p>\n      \n\n                  \n  \n\n\n<span class=\"text text_default-16-regular content-block__text \"\n>\n  <div class=\"l-content\" role=\"main\">\n<div class=\"l-region--content\">\n<div class=\"ds-1col node node--page view-mode-full node--full node--page--full clearfix\">\n<div class=\"field field--name-body field--type-text-with-summary field--label-hidden\">\n<div class=\"field__items\">\n<div class=\"field__item even\">\n<p>Le projet de partage de v\u00e9lo \u00ab\u00a0Blue-bike\u00a0\u00bb a \u00e9t\u00e9 lanc\u00e9e \u00e0 la mi-2011 par l&rsquo;ancienne SNCB-Holding et FIETSenWERK avec pour but de d\u00e9velopper la mobilit\u00e9 combi. En 2018, De Lijn est devenu l&rsquo;actionnaire principal. Depuis, TEC maintient \u00e9galement une participation limit\u00e9e.<\/p>\n<p>&nbsp;<\/p>\n<p>Blue-mobility est en charge de la promotion, du fonctionnement op\u00e9rationnel et de la location des Blue-bikes. Pour l&rsquo;entretien des v\u00e9los nous travaillons avec les points v\u00e9lo. La plupart des autorit\u00e9s locales soutient le projet avec une subvention dans le prix. Ethias fournit une assistance cycliste en cas de panne sur la route. Onze employ\u00e9s permanents sont bas\u00e9s \u00e0 Anvers pour mener Blue-bike sur la bonne voie.<\/p>\n<p>&nbsp;<\/p>\n<p>En 2023 Blue-bike a fait 356.417 trajets avec 36.000 membres \u00e0 124 points Blue-bike.<\/p>\n<p>&nbsp;<\/p>\n<p>Consultez nos rapports annuels ici :<\/p>\n<ul>\n<li><strong><span style=\"color: #0078a3;\"><a style=\"color: #0078a3;\" href=\"https:\/\/blue-bike.be\/sites\/default\/files\/Rapport%20Annuel%202019.pdf\" target=\"_blank\" rel=\"noopener\">rapport annuel de 2019<\/a><\/span><\/strong><\/li>\n<li><strong><span style=\"color: #0078a3;\"><a style=\"color: #0078a3;\" href=\"https:\/\/blue-bike.be\/fr\/node\/855\" target=\"_blank\" rel=\"noopener\">rapport annuel de 2020<\/a><\/span><\/strong><\/li>\n<li><strong><span style=\"color: #0078a3;\"><a style=\"color: #0078a3;\" href=\"https:\/\/blue-bike.be\/fr\/node\/1118\">rapport annuel de 2021<\/a><\/span><\/strong><\/li>\n<li><strong><span style=\"color: #0078a3;\"><a style=\"color: #0078a3;\" href=\"https:\/\/blue-bike.be\/fr\/rapportannuel2022\">rapport annuel de 2022<\/a><\/span><\/strong><\/li>\n<li><span style=\"color: #0078a3;\"><strong><a style=\"color: #0078a3;\" href=\"https:\/\/blue-bike.be\/fr\/dit-was-2023-voor-blue-bike\/\">rapport annuel de 2023\u00a0<\/a><\/strong><\/span><\/li>\n<\/ul>\n<p>Adresse de livraison pour les exp\u00e9ditions : Provinciestraat 53, 2018 Anvers<\/p>\n<\/div>\n<\/div>\n<\/div>\n<\/div>\n<\/div>\n<\/div>\n<div class=\"l-secondary\">\n<div class=\"l-region--content\">\n<div class=\"l-region l-region--secondary\">\n<div class=\"contextual-links-wrapper contextual-links-processed\">VAT: 0832-369-965<\/div>\n<div id=\"block-panels-mini-footer-s-m-and-news-sign-up\" class=\"block block--panels-mini contextual-links-region block--panels-mini-footer-s-m-and-news-sign-up\">\n<div class=\"block__content\">\n<div id=\"mini-panel-footer_s_m_and_news_sign_up\" class=\"panel-display panel-2col clearfix\">\n<div class=\"panel-panel panel-col-first\">\n<div class=\"inside\">\n<div class=\"contextual-links-region panel-pane pane-node\">\n<div class=\"contextual-links-wrapper contextual-links-processed\"><\/div>\n<div class=\"ds-1col node node--article node-teaser view-mode-teaser node--teaser node--article--teaser clearfix\">\n<div class=\"field field--name-body field--type-text-with-summary field--label-hidden\">\n<div class=\"field__items\"><\/div>\n<\/div>\n<\/div>\n<\/div>\n<\/div>\n<\/div>\n<\/div>\n<\/div>\n<\/div>\n<\/div>\n<\/div>\n<\/div>\n\n<\/span>\n    <\/div>\n    <\/div>\n","protected":false},"excerpt":{"rendered":"","protected":false},"author":2,"featured_media":0,"parent":0,"menu_order":0,"comment_status":"closed","ping_status":"closed","template":"","meta":{"footnotes":""},"class_list":["post-1848","page","type-page","status-publish","hentry"],"acf":[],"_links":{"self":[{"href":"https:\/\/blue-bike.be\/fr\/wp-json\/wp\/v2\/pages\/1848","targetHints":{"allow":["GET"]}}],"collection":[{"href":"https:\/\/blue-bike.be\/fr\/wp-json\/wp\/v2\/pages"}],"about":[{"href":"https:\/\/blue-bike.be\/fr\/wp-json\/wp\/v2\/types\/page"}],"author":[{"embeddable":true,"href":"https:\/\/blue-bike.be\/fr\/wp-json\/wp\/v2\/users\/2"}],"replies":[{"embeddable":true,"href":"https:\/\/blue-bike.be\/fr\/wp-json\/wp\/v2\/comments?post=1848"}],"version-history":[{"count":26,"href":"https:\/\/blue-bike.be\/fr\/wp-json\/wp\/v2\/pages\/1848\/revisions"}],"predecessor-version":[{"id":7813,"href":"https:\/\/blue-bike.be\/fr\/wp-json\/wp\/v2\/pages\/1848\/revisions\/7813"}],"wp:attachment":[{"href":"https:\/\/blue-bike.be\/fr\/wp-json\/wp\/v2\/media?parent=1848"}],"curies":[{"name":"wp","href":"https:\/\/api.w.org\/{rel}","templated":true}]}}