{"id":2235,"date":"2023-07-05T11:36:38","date_gmt":"2023-07-05T10:36:38","guid":{"rendered":"https:\/\/acc-wordpress-a778828375c7.hyperlane.co\/cookiebeleid\/"},"modified":"2024-02-23T15:34:21","modified_gmt":"2024-02-23T15:34:21","slug":"cookiebeleid","status":"publish","type":"page","link":"https:\/\/blue-bike.be\/fr\/cookiebeleid\/","title":{"rendered":"Cookiebeleid"},"content":{"rendered":"\n<div class='hero hero_small' id=\"block_db4d4590183b057d28a6cdaf0222779e\">\n    \n    <div class='hero__bg'>\n      \n<picture>\n  <img decoding=\"async\" loading=\"\"\n    class=\"image  \"\n    src=\"https:\/\/blue-bike.be\/wp-content\/uploads\/2023\/06\/Blue-bike_Kobe-Wens-21-2400x0-c-default.webp\"\n    data-src=\"https:\/\/blue-bike.be\/wp-content\/uploads\/2023\/06\/Blue-bike_Kobe-Wens-21-2400x0-c-default.webp\"\n    alt=\"image\"\n    title=\"\" \/>\n<\/picture>\n    <\/div>\n  \n  <div class='hero__inner'>\n    <div class='hero__container'>\n      <div class='hero__content'>\n\n                  \n\n                  \n  \n\n\n<h1 class=\"text text_default-32-bold hero__text \"\n>\n  Cookiebeleid\n<\/h1>\n        \n        \n        \n        \n      <\/div>\n    <\/div>\n  <\/div>\n\n  <div class='hero__wave'>\n    <svg width=\"1512\" height=\"100\" viewBox=\"0 0 1512 100\" fill=\"none\" xmlns=\"http:\/\/www.w3.org\/2000\/svg\">\n      <path fill-rule=\"evenodd\" clip-rule=\"evenodd\" d=\"M756 99.9999C1393.5 99.9999 1512 0 1512 0L1512 100L756 99.9999ZM8.74228e-06 -0.000132183L0 99.9999L756 99.9999C118.5 99.9999 8.74228e-06 -0.000132183 8.74228e-06 -0.000132183Z\" fill=\"#fafbfc\"\/>\n    <\/svg>\n  <\/div>\n<\/div>\n\n\n\n\n<div class='content-block content-block_type-text'>\n      <div class='content-block__info'>\n      \n\n                  \n  \n\n\n<p class=\"text text_default-24-bold content-block__title \"\n>\n  \n<\/p>\n      \n\n                  \n  \n\n\n<span class=\"text text_default-16-regular content-block__text \"\n>\n  <p>Cookies\u00a0? Oui, cookies.<\/p>\n<p>Ce site utilise des cookies pour vous offrir une exp\u00e9rience de navigation optimale. Et nous aimons en parler en toute transparence.<\/p>\n<p>Blue-mobility\u00a0SA,<strong>\u00a0<\/strong>dont le si\u00e8ge social est situ\u00e9 Provinciestraat 53 \u00e0 2018 Anvers, est responsable de la pr\u00e9sente politique de cookies. Pour toute question et\/ou remarque, veuillez contacter l\u2019adresse ci-dessus ou l\u2019adresse \u00e9lectronique <a href=\"mailto:info@blue-bike.be\"><strong><span style=\"color: #0078a3;\">info@blue-bike.be<\/span><\/strong><\/a>.<\/p>\n<p>Blue-mobility\u00a0SA trouve important que vous puissiez voir, \u00e9couter, lire ou exp\u00e9rimenter ses contenus \u00e0 tout moment et en tout lieu via diff\u00e9rentes plateformes m\u00e9diatiques. Le site\u00a0<strong><span style=\"color: #0078a3;\"><a style=\"color: #0078a3;\" href=\"https:\/\/eur03.safelinks.protection.outlook.com\/?url=https%3A%2F%2Fwww.blue-bike.be%2Fnl%2Fwww.blue-bike.be&amp;data=05%7C01%7Ctranslate%40homeoffice.be%7C5bfae8024ef049cf4dd108db8daaaabc%7C424a4cccbb694c9db51922691f1385de%7C0%7C0%7C638259536382610316%7CUnknown%7CTWFpbGZsb3d8eyJWIjoiMC4wLjAwMDAiLCJQIjoiV2luMzIiLCJBTiI6Ik1haWwiLCJXVCI6Mn0%3D%7C3000%7C%7C%7C&amp;sdata=AHeE5hrwHToDaINGOBeUWrtj7ESqm%2FeslE%2FkFwWa5xE%3D&amp;reserved=0\">www.blue-bike.be<\/a><\/span><\/strong>\u00a0utilise \u00e0 cette fin diff\u00e9rentes techniques, au moyen par exemple de cookies et de scripts. Pour plus de facilit\u00e9, ces techniques sont appel\u00e9es ci-apr\u00e8s \u00ab\u00a0cookies\u00a0\u00bb. Par cette politique de cookies, Blue-mobility\u00a0SA souhaite vous informer sur les cookies utilis\u00e9s et les raisons de leur utilisation. Il est \u00e9galement expliqu\u00e9 dans quelle mesure vous, l\u2019utilisateur, pouvez en contr\u00f4ler l\u2019utilisation.<\/p>\n<p>Blue-mobility\u00a0SA est susceptible de modifier \u00e0 tout moment la politique de cookies. Cela peut se produire, par exemple, dans le cadre de modifications de ses services ou de la l\u00e9gislation en vigueur. La politique modifi\u00e9e sera ensuite publi\u00e9e sur le site web et sera applicable d\u00e8s sa publication. Votre consentement vous sera alors \u00e0 nouveau demand\u00e9.<\/p>\n<h3><span style=\"color: #0078a3;\">Que sont exactement les cookies\u00a0?<\/span><\/h3>\n<p>Les cookies sont de petits fichiers de donn\u00e9es ou de texte qui sont install\u00e9s sur votre ordinateur ou votre appareil mobile lorsque vous visitez un site web ou utilisez une application (mobile). Le fichier cookie contient un code unique avec lequel votre navigateur peut \u00eatre reconnu par le site ou l\u2019application web lors de la visite du service en ligne ou lors de visites successives et r\u00e9p\u00e9t\u00e9es. Les cookies peuvent \u00eatre plac\u00e9s par le serveur du site web ou de l\u2019application que vous visitez, mais aussi par des serveurs tiers qui collaborent ou non avec ce site web ou cette application.<\/p>\n<h3><span style=\"color: #0078a3;\">Comment pouvez-vous refuser ou g\u00e9rer l\u2019utilisation de cookies sur\u00a0<a style=\"color: #0078a3;\" href=\"https:\/\/eur03.safelinks.protection.outlook.com\/?url=https%3A%2F%2Fwww.blue-bike.be%2Fnl%2FHoe%2520kan%2520u%2520het%2520gebruik%2520van%2520cookies%2520op%2520www.blue-bike.be%2520weigeren%2520of%2520beheren%3F&amp;data=05%7C01%7Ctranslate%40homeoffice.be%7C5bfae8024ef049cf4dd108db8daaaabc%7C424a4cccbb694c9db51922691f1385de%7C0%7C0%7C638259536382610316%7CUnknown%7CTWFpbGZsb3d8eyJWIjoiMC4wLjAwMDAiLCJQIjoiV2luMzIiLCJBTiI6Ik1haWwiLCJXVCI6Mn0%3D%7C3000%7C%7C%7C&amp;sdata=ZgcWSUQqo69UN8apZXruwTAnNDOpVAhWquHuZ%2F7Pd0o%3D&amp;reserved=0\">www.blue-bike.be<\/a>\u00a0?<\/span><\/h3>\n<p>Vous pouvez refuser les cookies de marketing et d\u2019analyse en l\u2019indiquant dans le pop-up ou, par la suite, en modifiant vos pr\u00e9f\u00e9rences sur notre page \u00ab\u00a0politique de cookies\u00a0\u00bb. Vous ne pouvez pas refuser les cookies fonctionnels ou n\u00e9cessaires. Vous pouvez \u00e9galement configurer votre navigateur Internet pour qu\u2019il n\u2019accepte pas les cookies, pour vous avertir lorsqu\u2019un cookie est install\u00e9 ou pour que les cookies soient ensuite supprim\u00e9s de votre disque dur. Vous pouvez le faire via les param\u00e8tres de votre navigateur (via la fonction d\u2019aide). Tenez toutefois compte du fait que certains \u00e9l\u00e9ments graphiques peuvent ne pas appara\u00eetre correctement ou que vous ne pourrez pas utiliser certaines applications. Vous pouvez refuser l\u2019installation de cookies via les param\u00e8tres de votre navigateur. Vous pouvez \u00e9galement supprimer \u00e0 tout moment les cookies d\u00e9j\u00e0 install\u00e9s sur votre ordinateur ou votre appareil mobile, comme suit\u00a0:<\/p>\n<ul>\n<li><strong><span style=\"color: #0078a3;\"><a style=\"color: #0078a3;\" href=\"https:\/\/support.microsoft.com\/nl-be\/help\/17479\/windows-internet-explorer-11-change-security-privacy-settings\">Internet Explorer<\/a><\/span><\/strong><\/li>\n<li><a href=\"https:\/\/blue-bike.be\/nl\/:%20http:\/\/support.google.com\/chrome\/bin\/answer.py?hl=nl&amp;answer=95647\"><strong><span style=\"color: #0078a3;\">Chrome<\/span><\/strong><\/a><\/li>\n<li><a href=\"http:\/\/support.mozilla.org\/nl\/kb\/cookies-in-en-uitschakelen-websites-voorkeuren?redirectlocale=nl&amp;redirectslug=Cookies+in-+en+uitschakelen\"><strong><span style=\"color: #0078a3;\">Firefox<\/span><\/strong><\/a><\/li>\n<li><strong><span style=\"color: #0078a3;\"><a style=\"color: #0078a3;\" href=\"http:\/\/support.apple.com\/kb\/PH5042\">Safari<\/a><\/span><\/strong><\/li>\n<\/ul>\n<p>Voici un aper\u00e7u des diff\u00e9rentes cat\u00e9gories de cookies que vous pouvez refuser ou autoriser\u00a0:<\/p>\n<ol>\n<li>Cookies fonctionnels\u00a0:\n<ul>\n<li><strong>Les cookies n\u00e9cessaires<\/strong>\u00a0aident le site web \u00e0 mieux fonctionner, par exemple en permettant de naviguer sur les pages web et en garantissant un acc\u00e8s s\u00e9curis\u00e9. Le site web ne peut pas fonctionner correctement sans ces cookies. Vous ne pouvez pas refuser ces cookies.<\/li>\n<\/ul>\n<\/li>\n<li>Cookies tiers\u00a0: vous pouvez refuser ces cookies.\n<ul>\n<li><strong>Cookies d\u2019analyse\u00a0:\u00a0<\/strong>les cookies d\u2019analyse aident les propri\u00e9taires de sites web \u00e0 comprendre comment les visiteurs interagissent avec le site web en recueillant des informations anonymes.<\/li>\n<li><strong>Cookies de marketing<\/strong>\u00a0: les cookies de marketing sont utilis\u00e9s pour suivre les visiteurs du site web afin de faire un marketing plus cibl\u00e9. Vous recevrez ainsi des annonces personnalis\u00e9es, par exemple.<\/li>\n<li><strong>R\u00e9seaux sociaux\u00a0: <\/strong>ceux-ci assurent une interaction optimale avec des r\u00e9seaux sociaux tels que Twitter.<\/li>\n<\/ul>\n<\/li>\n<\/ol>\n<p>Le site\u00a0<strong><span style=\"color: #0078a3;\"><a style=\"color: #0078a3;\" href=\"https:\/\/eur03.safelinks.protection.outlook.com\/?url=https%3A%2F%2Fwww.blue-bike.be%2Fnl%2Fwww.blue-bike.be&amp;data=05%7C01%7Ctranslate%40homeoffice.be%7C5bfae8024ef049cf4dd108db8daaaabc%7C424a4cccbb694c9db51922691f1385de%7C0%7C0%7C638259536382610316%7CUnknown%7CTWFpbGZsb3d8eyJWIjoiMC4wLjAwMDAiLCJQIjoiV2luMzIiLCJBTiI6Ik1haWwiLCJXVCI6Mn0%3D%7C3000%7C%7C%7C&amp;sdata=AHeE5hrwHToDaINGOBeUWrtj7ESqm%2FeslE%2FkFwWa5xE%3D&amp;reserved=0\">www.blue-bike.be<\/a><\/span><\/strong>\u00a0utilise \u00e0 la fois des cookies essentiels et non essentiels, ainsi que des cookies internes (Blue-mobility elle-m\u00eame) et tiers (comme Google Analytics, par exemple, ou des fichiers de r\u00e9seaux sociaux).<\/p>\n<p>Par ailleurs, des cookies tiers sont \u00e9galement pr\u00e9sents sur notre site web, tels que Google Analytics. Google Analytics est un logiciel permettant \u00e0 Google, et donc aussi \u00e0 Blue-mobility, de v\u00e9rifier l\u2019efficacit\u00e9 des pages web du site\u00a0<a href=\"https:\/\/eur03.safelinks.protection.outlook.com\/?url=https%3A%2F%2Fwww.blue-bike.be%2Fnl%2Fwww.blue-bike.be&amp;data=05%7C01%7Ctranslate%40homeoffice.be%7C5bfae8024ef049cf4dd108db8daaaabc%7C424a4cccbb694c9db51922691f1385de%7C0%7C0%7C638259536382610316%7CUnknown%7CTWFpbGZsb3d8eyJWIjoiMC4wLjAwMDAiLCJQIjoiV2luMzIiLCJBTiI6Ik1haWwiLCJXVCI6Mn0%3D%7C3000%7C%7C%7C&amp;sdata=AHeE5hrwHToDaINGOBeUWrtj7ESqm%2FeslE%2FkFwWa5xE%3D&amp;reserved=0\"><strong><span style=\"color: #0078a3;\">www.blue-bike.be<\/span><\/strong><\/a>. Les visiteurs du site web sont trac\u00e9s au moyen de cookies permanents. En utilisant le site web et en acceptant ces cookies, vous consentez au traitement des informations par Google de la mani\u00e8re et aux fins pr\u00e9cis\u00e9es ci-dessus. Vous pouvez \u00e9galement, si vous le souhaitez, d\u00e9sactiver Google Analytics via le lien ci-dessous\u00a0:\u00a0<strong><span style=\"color: #0078a3;\"><a style=\"color: #0078a3;\" href=\"https:\/\/eur03.safelinks.protection.outlook.com\/?url=https%3A%2F%2Fsupport.google.com%2Fanalytics%2Fanswer%2F181881%3Fhl%3Dnl&amp;data=05%7C01%7Ctranslate%40homeoffice.be%7C5bfae8024ef049cf4dd108db8daaaabc%7C424a4cccbb694c9db51922691f1385de%7C0%7C0%7C638259536382610316%7CUnknown%7CTWFpbGZsb3d8eyJWIjoiMC4wLjAwMDAiLCJQIjoiV2luMzIiLCJBTiI6Ik1haWwiLCJXVCI6Mn0%3D%7C3000%7C%7C%7C&amp;sdata=1BW8jk0ZPWWo%2Bdy6%2BGCZ%2BKpva%2Bk80XIcbRXcRtatGGM%3D&amp;reserved=0\">https:\/\/support.google.com\/analytics\/answer\/181881?hl=fr<\/a><\/span><\/strong>. D\u2019autres cookies tiers sont \u00e9galement utilis\u00e9s sur le site de Blue-bike, comme les cookies plac\u00e9s par des r\u00e9seaux sociaux tels que Twitter.<\/p>\n<p>Votre consentement s\u2019applique aux domaines suivants\u00a0: <strong><span style=\"color: #0078a3;\"><a style=\"color: #0078a3;\" href=\"https:\/\/eur03.safelinks.protection.outlook.com\/?url=http%3A%2F%2Fwww.blue-bike.be%2F&amp;data=05%7C01%7Ctranslate%40homeoffice.be%7C5bfae8024ef049cf4dd108db8daaaabc%7C424a4cccbb694c9db51922691f1385de%7C0%7C0%7C638259536382610316%7CUnknown%7CTWFpbGZsb3d8eyJWIjoiMC4wLjAwMDAiLCJQIjoiV2luMzIiLCJBTiI6Ik1haWwiLCJXVCI6Mn0%3D%7C3000%7C%7C%7C&amp;sdata=HjKz0uP6IKz8nBCnedbPXTJdk5sWaszDj0VI2S2vqR0%3D&amp;reserved=0\">www.blue-bike.be<\/a><\/span><\/strong><\/p>\n<p><span style=\"color: #0078a3;\"><strong><a id=\"CookieDeclarationChangeConsentChange\" style=\"color: #0078a3;\" href=\"https:\/\/blue-bike.be\/cookiebeleid#\">Votre \u00e9tat actuel <\/a><\/strong><\/span><span id=\"CookieDeclarationUserStatusLabelWithdraw\">\u00a0\u00a0|\u00a0\u00a0<strong><span style=\"color: #0078a3;\"><a id=\"CookieDeclarationChangeConsentWithdraw\" style=\"color: #0078a3;\" href=\"https:\/\/blue-bike.be\/fr\/cookiebeleid#\">Tout autoriser<\/a><\/span><\/strong><\/span><\/p>\n<div class=\"CookieDeclarationType\" dir=\"ltr\" lang=\"nl\"><\/div>\n<div dir=\"ltr\" lang=\"nl\"><\/div>\n\n<\/span>\n    <\/div>\n    <\/div>\n\n\n\n<script>\nconst popupTrigger = document.querySelector('#CookieDeclarationChangeConsentChange');\nconst consentWithdraw = document.querySelector('#CookieDeclarationChangeConsentWithdraw');\n\nif (popupTrigger) popupTrigger.addEventListener('click', (e) => {\n e.preventDefault();\n Cookiebot.show();\n})\n\nif (consentWithdraw) consentWithdraw.addEventListener('click', (e) => {\n Cookiebot.withdraw();\n})\n<\/script>\n","protected":false},"excerpt":{"rendered":"","protected":false},"author":2,"featured_media":0,"parent":0,"menu_order":0,"comment_status":"closed","ping_status":"closed","template":"","meta":{"footnotes":""},"class_list":["post-2235","page","type-page","status-publish","hentry"],"acf":[],"_links":{"self":[{"href":"https:\/\/blue-bike.be\/fr\/wp-json\/wp\/v2\/pages\/2235","targetHints":{"allow":["GET"]}}],"collection":[{"href":"https:\/\/blue-bike.be\/fr\/wp-json\/wp\/v2\/pages"}],"about":[{"href":"https:\/\/blue-bike.be\/fr\/wp-json\/wp\/v2\/types\/page"}],"author":[{"embeddable":true,"href":"https:\/\/blue-bike.be\/fr\/wp-json\/wp\/v2\/users\/2"}],"replies":[{"embeddable":true,"href":"https:\/\/blue-bike.be\/fr\/wp-json\/wp\/v2\/comments?post=2235"}],"version-history":[{"count":25,"href":"https:\/\/blue-bike.be\/fr\/wp-json\/wp\/v2\/pages\/2235\/revisions"}],"predecessor-version":[{"id":6083,"href":"https:\/\/blue-bike.be\/fr\/wp-json\/wp\/v2\/pages\/2235\/revisions\/6083"}],"wp:attachment":[{"href":"https:\/\/blue-bike.be\/fr\/wp-json\/wp\/v2\/media?parent=2235"}],"curies":[{"name":"wp","href":"https:\/\/api.w.org\/{rel}","templated":true}]}}