{"id":2495,"date":"2023-06-30T15:28:14","date_gmt":"2023-06-30T14:28:14","guid":{"rendered":"https:\/\/acc-wordpress-a778828375c7.hyperlane.co\/nieuws\/"},"modified":"2023-07-10T15:39:01","modified_gmt":"2023-07-10T14:39:01","slug":"nieuws","status":"publish","type":"page","link":"https:\/\/blue-bike.be\/fr\/nieuws\/","title":{"rendered":"Nouvelles"},"content":{"rendered":"\n<div class='hero hero_small' id=\"block_b77050b3a5b8b318c6ddf162a167b298\">\n    \n    <div class='hero__bg'>\n      \n<picture>\n  <img decoding=\"async\" loading=\"\"\n    class=\"image  \"\n    src=\"https:\/\/blue-bike.be\/wp-content\/uploads\/2023\/06\/Blue-bike_Kobe-Wens-11-2400x0-c-default.webp\"\n    data-src=\"https:\/\/blue-bike.be\/wp-content\/uploads\/2023\/06\/Blue-bike_Kobe-Wens-11-2400x0-c-default.webp\"\n    alt=\"image\"\n    title=\"\" \/>\n<\/picture>\n    <\/div>\n  \n  <div class='hero__inner'>\n    <div class='hero__container'>\n      <div class='hero__content'>\n\n                  \n\n                  \n  \n\n\n<h1 class=\"text text_default-32-bold hero__text \"\n>\n  Nieuws\n<\/h1>\n        \n        \n        \n        \n      <\/div>\n    <\/div>\n  <\/div>\n\n  <div class='hero__wave'>\n    <svg width=\"1512\" height=\"100\" viewBox=\"0 0 1512 100\" fill=\"none\" xmlns=\"http:\/\/www.w3.org\/2000\/svg\">\n      <path fill-rule=\"evenodd\" clip-rule=\"evenodd\" d=\"M756 99.9999C1393.5 99.9999 1512 0 1512 0L1512 100L756 99.9999ZM8.74228e-06 -0.000132183L0 99.9999L756 99.9999C118.5 99.9999 8.74228e-06 -0.000132183 8.74228e-06 -0.000132183Z\" fill=\"#fafbfc\"\/>\n    <\/svg>\n  <\/div>\n<\/div>\n\n\n<div class='spacer'><\/div>\n\n\n\n\n<div class='content-block content-block_type-text'>\n      <div class='content-block__info'>\n      \n\n                  \n  \n\n\n<p class=\"text text_default-24-bold content-block__title \"\n>\n  \n<\/p>\n      \n\n                  \n  \n\n\n<span class=\"text text_default-16-regular content-block__text \"\n>\n  <h3><span style=\"color: #0078a3;\">Juli 2023<\/span><\/h3>\n<p><a class=\"row-title\" href=\"https:\/\/blue-bike.be\/fr\/snelste-verbinding-tussen-station-en-haven-genk\/\" aria-label=\"\u201cConnexion la plus rapide entre la gare et le port Genk\u201d (Edit)\">Connexion la plus rapide entre la gare et le port Genk<\/a><\/p>\n<p><a class=\"row-title\" href=\"https:\/\/blue-bike.be\/fr\/rondje-walem-heffen-battel\/\" aria-label=\"\u201cTour de Walem-Heffen-Battel\u201d (Edit)\">Tour de Walem-Heffen-Battel<\/a><\/p>\n<p><a class=\"row-title\" href=\"https:\/\/blue-bike.be\/fr\/herentals-waar-fietshelden-samenkomen\/\" aria-label=\"\u201cHerentals: L\u00e0 o\u00f9 les h\u00e9ros du cyclisme se r\u00e9unissent\u201d (Edit)\">Herentals: L\u00e0 o\u00f9 les h\u00e9ros du cyclisme se r\u00e9unissent<\/a><\/p>\n<p>&nbsp;<\/p>\n\n<\/span>\n    <\/div>\n    <\/div>\n","protected":false},"excerpt":{"rendered":"","protected":false},"author":5,"featured_media":0,"parent":0,"menu_order":0,"comment_status":"closed","ping_status":"closed","template":"","meta":{"footnotes":""},"class_list":["post-2495","page","type-page","status-publish","hentry"],"acf":[],"_links":{"self":[{"href":"https:\/\/blue-bike.be\/fr\/wp-json\/wp\/v2\/pages\/2495","targetHints":{"allow":["GET"]}}],"collection":[{"href":"https:\/\/blue-bike.be\/fr\/wp-json\/wp\/v2\/pages"}],"about":[{"href":"https:\/\/blue-bike.be\/fr\/wp-json\/wp\/v2\/types\/page"}],"author":[{"embeddable":true,"href":"https:\/\/blue-bike.be\/fr\/wp-json\/wp\/v2\/users\/5"}],"replies":[{"embeddable":true,"href":"https:\/\/blue-bike.be\/fr\/wp-json\/wp\/v2\/comments?post=2495"}],"version-history":[{"count":2,"href":"https:\/\/blue-bike.be\/fr\/wp-json\/wp\/v2\/pages\/2495\/revisions"}],"predecessor-version":[{"id":2501,"href":"https:\/\/blue-bike.be\/fr\/wp-json\/wp\/v2\/pages\/2495\/revisions\/2501"}],"wp:attachment":[{"href":"https:\/\/blue-bike.be\/fr\/wp-json\/wp\/v2\/media?parent=2495"}],"curies":[{"name":"wp","href":"https:\/\/api.w.org\/{rel}","templated":true}]}}