{"id":8441,"date":"2025-02-07T09:55:03","date_gmt":"2025-02-07T09:55:03","guid":{"rendered":"https:\/\/www.blue-bike.be\/jaarrapport\/"},"modified":"2025-06-16T13:46:37","modified_gmt":"2025-06-16T12:46:37","slug":"report-annuel","status":"publish","type":"page","link":"https:\/\/blue-bike.be\/fr\/report-annuel\/","title":{"rendered":"Report annuel"},"content":{"rendered":"\n<div class='hero hero_small' id=\"block_aa1bb05b6e31434e491fda4c61f4041c\">\n    \n    <div class='hero__bg'>\n      \n<picture>\n  <img decoding=\"async\" loading=\"\"\n    class=\"image  \"\n    src=\"https:\/\/blue-bike.be\/wp-content\/uploads\/2024\/08\/BlueBike_Wens_007-scaled-2400x0-c-default.webp\"\n    data-src=\"https:\/\/blue-bike.be\/wp-content\/uploads\/2024\/08\/BlueBike_Wens_007-scaled-2400x0-c-default.webp\"\n    alt=\"image\"\n    title=\"\" \/>\n<\/picture>\n    <\/div>\n  \n  <div class='hero__inner'>\n    <div class='hero__container'>\n      <div class='hero__content'>\n\n                  \n\n                  \n  \n\n\n<h1 class=\"text text_default-32-bold hero__text \"\n>\n  Report annuel\n<\/h1>\n        \n        \n        \n        \n      <\/div>\n    <\/div>\n  <\/div>\n\n  <div class='hero__wave'>\n    <svg width=\"1512\" height=\"100\" viewBox=\"0 0 1512 100\" fill=\"none\" xmlns=\"http:\/\/www.w3.org\/2000\/svg\">\n      <path fill-rule=\"evenodd\" clip-rule=\"evenodd\" d=\"M756 99.9999C1393.5 99.9999 1512 0 1512 0L1512 100L756 99.9999ZM8.74228e-06 -0.000132183L0 99.9999L756 99.9999C118.5 99.9999 8.74228e-06 -0.000132183 8.74228e-06 -0.000132183Z\" fill=\"#fafbfc\"\/>\n    <\/svg>\n  <\/div>\n<\/div>\n\n\n\n\n<div class='content-block content-block_type-text'>\n      <div class='content-block__info'>\n      \n\n                  \n  \n\n\n<p class=\"text text_default-24-bold content-block__title \"\n>\n  \n<\/p>\n      \n\n                  \n  \n\n\n<span class=\"text text_default-16-regular content-block__text \"\n>\n  <p>Curieux de conna\u00eetre notre croissance au fil des ans ? Sur cette page, vous trouverez nos reports annuels des derni\u00e8res ann\u00e9es. Chaque report annuel offre un aper\u00e7u de nos principales \u00e9tapes, de notre croissance, de notre impact et des chiffres qui renforcent Blue-bike en tant que solution de mobilit\u00e9 durable.<\/p>\n<p>Chez Blue-bike, nous nous engageons chaque jour \u00e0 rendre le v\u00e9lo plus accessible \u00e0 tous. Nos rapports annuels vous donnent un aper\u00e7u de la mani\u00e8re dont nous proc\u00e9dons, des d\u00e9fis auxquels nous sommes confront\u00e9s et de la mani\u00e8re dont nous continuons \u00e0 travailler avec nos partenaires pour rendre la mobilit\u00e9 plus fluide et plus verte en Belgique.<\/p>\n<p>Vous trouverez ci-dessous notre dernier report annuel. Bonne lecture !<\/p>\n\n<\/span>\n    <\/div>\n    <\/div>\n\n\n\n\n<div class='content-block content-block_type-text'>\n      <div class='content-block__info'>\n      \n\n                  \n  \n\n\n<p class=\"text text_default-24-bold content-block__title \"\n>\n  \n<\/p>\n      \n\n                  \n  \n\n\n<span class=\"text text_default-16-regular content-block__text \"\n>\n  <p><iframe loading=\"lazy\" src=\"https:\/\/player.flipsnack.com?hash=NzVBOEZGRkY4RDYrYzk4NGk1aWhwOA==\" width=\"100%\" height=\"480\" seamless=\"seamless\" scrolling=\"no\" frameBorder=\"0\" allowFullScreen allow=\"autoplay; clipboard-read; clipboard-write\"><\/iframe><\/p>\n\n<\/span>\n    <\/div>\n    <\/div>\n","protected":false},"excerpt":{"rendered":"","protected":false},"author":12,"featured_media":0,"parent":0,"menu_order":0,"comment_status":"closed","ping_status":"closed","template":"","meta":{"footnotes":""},"class_list":["post-8441","page","type-page","status-publish","hentry"],"acf":[],"_links":{"self":[{"href":"https:\/\/blue-bike.be\/fr\/wp-json\/wp\/v2\/pages\/8441","targetHints":{"allow":["GET"]}}],"collection":[{"href":"https:\/\/blue-bike.be\/fr\/wp-json\/wp\/v2\/pages"}],"about":[{"href":"https:\/\/blue-bike.be\/fr\/wp-json\/wp\/v2\/types\/page"}],"author":[{"embeddable":true,"href":"https:\/\/blue-bike.be\/fr\/wp-json\/wp\/v2\/users\/12"}],"replies":[{"embeddable":true,"href":"https:\/\/blue-bike.be\/fr\/wp-json\/wp\/v2\/comments?post=8441"}],"version-history":[{"count":12,"href":"https:\/\/blue-bike.be\/fr\/wp-json\/wp\/v2\/pages\/8441\/revisions"}],"predecessor-version":[{"id":9262,"href":"https:\/\/blue-bike.be\/fr\/wp-json\/wp\/v2\/pages\/8441\/revisions\/9262"}],"wp:attachment":[{"href":"https:\/\/blue-bike.be\/fr\/wp-json\/wp\/v2\/media?parent=8441"}],"curies":[{"name":"wp","href":"https:\/\/api.w.org\/{rel}","templated":true}]}}